{"id":61425,"date":"2025-04-01T13:13:06","date_gmt":"2025-04-01T13:13:06","guid":{"rendered":"https:\/\/trailerpartsplaza.com\/product\/kupplungsvierkant-70mm-750kg\/"},"modified":"2025-04-01T13:13:06","modified_gmt":"2025-04-01T13:13:06","slug":"kupplungsvierkant-70mm-750kg","status":"publish","type":"product","link":"https:\/\/trailerpartsplaza.com\/de\/produkt\/kupplungsvierkant-70mm-750kg\/","title":{"rendered":"Kupplungsvierkant 70mm\/750kg."},"content":{"rendered":"","protected":false},"excerpt":{"rendered":"<p>R\u00fcsten Sie Ihr Fahrzeug mit dem Kupplungsvierkant 70mm\/750kg. f\u00fcr eine solide und stabile Basis auf. Die Kombination aus Solidit\u00e4t und Funktionalit\u00e4t macht ihn zu einer zuverl\u00e4ssigen L\u00f6sung. Ideal f\u00fcr Anh\u00e4nger, Wohnwagen und andere Transportmittel. M\u00f6chten Sie weitere Informationen zu diesem Produkt? Dann nehmen Sie Kontakt mit uns auf!<\/p>\n","protected":false},"featured_media":54318,"comment_status":"open","ping_status":"closed","template":"","meta":{"_joinchat":[]},"product_brand":[],"product_cat":[920,1155,1156],"product_tag":[],"class_list":{"0":"post-61425","1":"product","2":"type-product","3":"status-publish","4":"has-post-thumbnail","6":"product_cat-kupplungen-zubehor","7":"product_cat-links","8":"product_cat-quadratisch","11":"first","12":"instock","13":"taxable","14":"shipping-taxable","15":"purchasable","16":"product-type-simple"},"_links":{"self":[{"href":"https:\/\/trailerpartsplaza.com\/de\/wp-json\/wp\/v2\/product\/61425"}],"collection":[{"href":"https:\/\/trailerpartsplaza.com\/de\/wp-json\/wp\/v2\/product"}],"about":[{"href":"https:\/\/trailerpartsplaza.com\/de\/wp-json\/wp\/v2\/types\/product"}],"replies":[{"embeddable":true,"href":"https:\/\/trailerpartsplaza.com\/de\/wp-json\/wp\/v2\/comments?post=61425"}],"wp:featuredmedia":[{"embeddable":true,"href":"https:\/\/trailerpartsplaza.com\/de\/wp-json\/wp\/v2\/media\/54318"}],"wp:attachment":[{"href":"https:\/\/trailerpartsplaza.com\/de\/wp-json\/wp\/v2\/media?parent=61425"}],"wp:term":[{"taxonomy":"product_brand","embeddable":true,"href":"https:\/\/trailerpartsplaza.com\/de\/wp-json\/wp\/v2\/product_brand?post=61425"},{"taxonomy":"product_cat","embeddable":true,"href":"https:\/\/trailerpartsplaza.com\/de\/wp-json\/wp\/v2\/product_cat?post=61425"},{"taxonomy":"product_tag","embeddable":true,"href":"https:\/\/trailerpartsplaza.com\/de\/wp-json\/wp\/v2\/product_tag?post=61425"}],"curies":[{"name":"wp","href":"https:\/\/api.w.org\/{rel}","templated":true}]}}