{"id":61503,"date":"2025-04-01T13:13:47","date_gmt":"2025-04-01T13:13:47","guid":{"rendered":"https:\/\/trailerpartsplaza.com\/product\/v-deichsel-mit-kupplung-750kg\/"},"modified":"2025-04-01T13:13:47","modified_gmt":"2025-04-01T13:13:47","slug":"v-deichsel-mit-kupplung-750kg","status":"publish","type":"product","link":"https:\/\/trailerpartsplaza.com\/de\/produkt\/v-deichsel-mit-kupplung-750kg\/","title":{"rendered":"V-Deichsel mit Kupplung 750kg."},"content":{"rendered":"","protected":false},"excerpt":{"rendered":"<p>Die V-Stange mit Kupplung 750kg. ist f\u00fcr zuverl\u00e4ssige Leistung und Langlebigkeit ausgelegt. Dank seiner intelligenten Konstruktion und Abmessungen ist die Montage einfach. Eine h\u00e4ufig gew\u00e4hlte Komponente bei professionellen Anwendern. M\u00f6chten Sie weitere Informationen zu diesem Produkt? Dann nehmen Sie Kontakt mit uns auf!     <\/p>\n","protected":false},"featured_media":56958,"comment_status":"open","ping_status":"closed","template":"","meta":{"_joinchat":[]},"product_brand":[],"product_cat":[920,1165],"product_tag":[],"class_list":{"0":"post-61503","1":"product","2":"type-product","3":"status-publish","4":"has-post-thumbnail","6":"product_cat-kupplungen-zubehor","7":"product_cat-tragheitsbremsen","10":"first","11":"instock","12":"taxable","13":"shipping-taxable","14":"purchasable","15":"product-type-simple"},"_links":{"self":[{"href":"https:\/\/trailerpartsplaza.com\/de\/wp-json\/wp\/v2\/product\/61503"}],"collection":[{"href":"https:\/\/trailerpartsplaza.com\/de\/wp-json\/wp\/v2\/product"}],"about":[{"href":"https:\/\/trailerpartsplaza.com\/de\/wp-json\/wp\/v2\/types\/product"}],"replies":[{"embeddable":true,"href":"https:\/\/trailerpartsplaza.com\/de\/wp-json\/wp\/v2\/comments?post=61503"}],"wp:featuredmedia":[{"embeddable":true,"href":"https:\/\/trailerpartsplaza.com\/de\/wp-json\/wp\/v2\/media\/56958"}],"wp:attachment":[{"href":"https:\/\/trailerpartsplaza.com\/de\/wp-json\/wp\/v2\/media?parent=61503"}],"wp:term":[{"taxonomy":"product_brand","embeddable":true,"href":"https:\/\/trailerpartsplaza.com\/de\/wp-json\/wp\/v2\/product_brand?post=61503"},{"taxonomy":"product_cat","embeddable":true,"href":"https:\/\/trailerpartsplaza.com\/de\/wp-json\/wp\/v2\/product_cat?post=61503"},{"taxonomy":"product_tag","embeddable":true,"href":"https:\/\/trailerpartsplaza.com\/de\/wp-json\/wp\/v2\/product_tag?post=61503"}],"curies":[{"name":"wp","href":"https:\/\/api.w.org\/{rel}","templated":true}]}}