{"id":61511,"date":"2025-04-01T13:13:47","date_gmt":"2025-04-01T13:13:47","guid":{"rendered":"https:\/\/trailerpartsplaza.com\/product\/auflaufbremse-v-dis-kf27-knott-2700-kg\/"},"modified":"2025-04-01T13:13:47","modified_gmt":"2025-04-01T13:13:47","slug":"auflaufbremse-v-dis-kf27-knott-2700-kg","status":"publish","type":"product","link":"https:\/\/trailerpartsplaza.com\/de\/produkt\/auflaufbremse-v-dis-kf27-knott-2700-kg\/","title":{"rendered":"Auflaufbremse V-dis KF27 Knott, 2700 KG."},"content":{"rendered":"","protected":false},"excerpt":{"rendered":"<p>Mit der Auflaufbremse v-dis kf27 knott, 2700 kg. k\u00f6nnen Sie Ihren Anh\u00e4nger oder Trailer leicht verbessern. Perfekt auf die g\u00e4ngigen Fahrzeugspezifikationen abgestimmt. Entwickelt f\u00fcr eine lange Lebensdauer und einfache Handhabung. M\u00f6chten Sie weitere Informationen zu diesem Produkt? Dann nehmen Sie Kontakt mit uns auf!    <\/p>\n","protected":false},"featured_media":58030,"comment_status":"open","ping_status":"closed","template":"","meta":{"_joinchat":[]},"product_brand":[],"product_cat":[920,1165],"product_tag":[],"class_list":{"0":"post-61511","1":"product","2":"type-product","3":"status-publish","4":"has-post-thumbnail","6":"product_cat-kupplungen-zubehor","7":"product_cat-tragheitsbremsen","10":"first","11":"instock","12":"taxable","13":"shipping-taxable","14":"purchasable","15":"product-type-simple"},"_links":{"self":[{"href":"https:\/\/trailerpartsplaza.com\/de\/wp-json\/wp\/v2\/product\/61511"}],"collection":[{"href":"https:\/\/trailerpartsplaza.com\/de\/wp-json\/wp\/v2\/product"}],"about":[{"href":"https:\/\/trailerpartsplaza.com\/de\/wp-json\/wp\/v2\/types\/product"}],"replies":[{"embeddable":true,"href":"https:\/\/trailerpartsplaza.com\/de\/wp-json\/wp\/v2\/comments?post=61511"}],"wp:featuredmedia":[{"embeddable":true,"href":"https:\/\/trailerpartsplaza.com\/de\/wp-json\/wp\/v2\/media\/58030"}],"wp:attachment":[{"href":"https:\/\/trailerpartsplaza.com\/de\/wp-json\/wp\/v2\/media?parent=61511"}],"wp:term":[{"taxonomy":"product_brand","embeddable":true,"href":"https:\/\/trailerpartsplaza.com\/de\/wp-json\/wp\/v2\/product_brand?post=61511"},{"taxonomy":"product_cat","embeddable":true,"href":"https:\/\/trailerpartsplaza.com\/de\/wp-json\/wp\/v2\/product_cat?post=61511"},{"taxonomy":"product_tag","embeddable":true,"href":"https:\/\/trailerpartsplaza.com\/de\/wp-json\/wp\/v2\/product_tag?post=61511"}],"curies":[{"name":"wp","href":"https:\/\/api.w.org\/{rel}","templated":true}]}}