{"id":61519,"date":"2025-04-01T13:13:49","date_gmt":"2025-04-01T13:13:49","guid":{"rendered":"https:\/\/trailerpartsplaza.com\/product\/stabilisatorkupplung-ws-3000-d-winterhoff\/"},"modified":"2025-04-01T13:13:49","modified_gmt":"2025-04-01T13:13:49","slug":"stabilisatorkupplung-ws-3000-d-winterhoff","status":"publish","type":"product","link":"https:\/\/trailerpartsplaza.com\/de\/produkt\/stabilisatorkupplung-ws-3000-d-winterhoff\/","title":{"rendered":"Stabilisatorkupplung WS 3000-D Winterhoff"},"content":{"rendered":"","protected":false},"excerpt":{"rendered":"<p>R\u00fcsten Sie Ihr Fahrzeug mit der Stabilisierungskupplung ws 3000-d winterhoff f\u00fcr eine feste und stabile Basis auf. Sowohl f\u00fcr leichte als auch f\u00fcr schwerere Anwendungen geeignet. Eine h\u00e4ufig gew\u00e4hlte Komponente bei professionellen Anwendern. M\u00f6chten Sie weitere Informationen zu diesem Produkt? Dann nehmen Sie Kontakt mit uns auf!    <\/p>\n","protected":false},"featured_media":58168,"comment_status":"open","ping_status":"closed","template":"","meta":{"_joinchat":[]},"product_brand":[],"product_cat":[920,1155],"product_tag":[],"class_list":{"0":"post-61519","1":"product","2":"type-product","3":"status-publish","4":"has-post-thumbnail","6":"product_cat-kupplungen-zubehor","7":"product_cat-links","10":"first","11":"instock","12":"taxable","13":"shipping-taxable","14":"purchasable","15":"product-type-simple"},"_links":{"self":[{"href":"https:\/\/trailerpartsplaza.com\/de\/wp-json\/wp\/v2\/product\/61519"}],"collection":[{"href":"https:\/\/trailerpartsplaza.com\/de\/wp-json\/wp\/v2\/product"}],"about":[{"href":"https:\/\/trailerpartsplaza.com\/de\/wp-json\/wp\/v2\/types\/product"}],"replies":[{"embeddable":true,"href":"https:\/\/trailerpartsplaza.com\/de\/wp-json\/wp\/v2\/comments?post=61519"}],"wp:featuredmedia":[{"embeddable":true,"href":"https:\/\/trailerpartsplaza.com\/de\/wp-json\/wp\/v2\/media\/58168"}],"wp:attachment":[{"href":"https:\/\/trailerpartsplaza.com\/de\/wp-json\/wp\/v2\/media?parent=61519"}],"wp:term":[{"taxonomy":"product_brand","embeddable":true,"href":"https:\/\/trailerpartsplaza.com\/de\/wp-json\/wp\/v2\/product_brand?post=61519"},{"taxonomy":"product_cat","embeddable":true,"href":"https:\/\/trailerpartsplaza.com\/de\/wp-json\/wp\/v2\/product_cat?post=61519"},{"taxonomy":"product_tag","embeddable":true,"href":"https:\/\/trailerpartsplaza.com\/de\/wp-json\/wp\/v2\/product_tag?post=61519"}],"curies":[{"name":"wp","href":"https:\/\/api.w.org\/{rel}","templated":true}]}}