{"id":61539,"date":"2025-04-01T13:14:05","date_gmt":"2025-04-01T13:14:05","guid":{"rendered":"https:\/\/trailerpartsplaza.com\/product\/hilfsfederkupplung\/"},"modified":"2025-04-01T13:14:05","modified_gmt":"2025-04-01T13:14:05","slug":"hilfsfederkupplung","status":"publish","type":"product","link":"https:\/\/trailerpartsplaza.com\/de\/produkt\/hilfsfederkupplung\/","title":{"rendered":"Hilfsfederkupplung"},"content":{"rendered":"","protected":false},"excerpt":{"rendered":"<p>Die Zusatzkupplungsfeder ist f\u00fcr zuverl\u00e4ssige Leistung und Langlebigkeit ausgelegt. Sowohl f\u00fcr leichte als auch f\u00fcr schwerere Anwendungen geeignet. Ein h\u00e4ufig gew\u00e4hltes Bauteil unter professionellen Anwendern. M\u00f6chten Sie weitere Informationen zu diesem Produkt? Dann nehmen Sie Kontakt mit uns auf!    <\/p>\n","protected":false},"featured_media":54435,"comment_status":"open","ping_status":"closed","template":"","meta":{"_joinchat":[]},"product_brand":[],"product_cat":[1167,920],"product_tag":[],"class_list":{"0":"post-61539","1":"product","2":"type-product","3":"status-publish","4":"has-post-thumbnail","6":"product_cat-hilfskupplungen-und-abreisseile","7":"product_cat-kupplungen-zubehor","10":"first","11":"instock","12":"taxable","13":"shipping-taxable","14":"purchasable","15":"product-type-simple"},"_links":{"self":[{"href":"https:\/\/trailerpartsplaza.com\/de\/wp-json\/wp\/v2\/product\/61539"}],"collection":[{"href":"https:\/\/trailerpartsplaza.com\/de\/wp-json\/wp\/v2\/product"}],"about":[{"href":"https:\/\/trailerpartsplaza.com\/de\/wp-json\/wp\/v2\/types\/product"}],"replies":[{"embeddable":true,"href":"https:\/\/trailerpartsplaza.com\/de\/wp-json\/wp\/v2\/comments?post=61539"}],"wp:featuredmedia":[{"embeddable":true,"href":"https:\/\/trailerpartsplaza.com\/de\/wp-json\/wp\/v2\/media\/54435"}],"wp:attachment":[{"href":"https:\/\/trailerpartsplaza.com\/de\/wp-json\/wp\/v2\/media?parent=61539"}],"wp:term":[{"taxonomy":"product_brand","embeddable":true,"href":"https:\/\/trailerpartsplaza.com\/de\/wp-json\/wp\/v2\/product_brand?post=61539"},{"taxonomy":"product_cat","embeddable":true,"href":"https:\/\/trailerpartsplaza.com\/de\/wp-json\/wp\/v2\/product_cat?post=61539"},{"taxonomy":"product_tag","embeddable":true,"href":"https:\/\/trailerpartsplaza.com\/de\/wp-json\/wp\/v2\/product_tag?post=61539"}],"curies":[{"name":"wp","href":"https:\/\/api.w.org\/{rel}","templated":true}]}}