{"id":61566,"date":"2025-04-01T13:14:29","date_gmt":"2025-04-01T13:14:29","guid":{"rendered":"https:\/\/trailerpartsplaza.com\/product\/anhaengerkupplung-abgewinkelt-schwarz-d17-2-s350-3-5t-e-11\/"},"modified":"2025-04-01T13:14:29","modified_gmt":"2025-04-01T13:14:29","slug":"anhaengerkupplung-abgewinkelt-schwarz-d17-2-s350-3-5t-e-11","status":"publish","type":"product","link":"https:\/\/trailerpartsplaza.com\/de\/produkt\/anhaengerkupplung-abgewinkelt-schwarz-d17-2-s350-3-5t-e-11\/","title":{"rendered":"Anh\u00e4ngerkupplung abgewinkelt, schwarz D17.2\/S350, 3.5t &#8211; E 11"},"content":{"rendered":"","protected":false},"excerpt":{"rendered":"<p>F\u00fcr eine intensive Nutzung ist die Anh\u00e4ngerkupplung abgewinkelt, schwarz d17.2\/s350, 3,5t &#8211; e 11 eine ausgezeichnete Wahl. Diese Version ist aus hochwertigem Material gefertigt und f\u00fcr den t\u00e4glichen Gebrauch geeignet. F\u00fcr alle, die Qualit\u00e4t und Komfort in einem Teil suchen. M\u00f6chten Sie weitere Informationen zu diesem Produkt? Dann nehmen Sie Kontakt mit uns auf!    <\/p>\n","protected":false},"featured_media":56991,"comment_status":"open","ping_status":"closed","template":"","meta":{"_joinchat":[]},"product_brand":[],"product_cat":[1171,920],"product_tag":[],"class_list":{"0":"post-61566","1":"product","2":"type-product","3":"status-publish","4":"has-post-thumbnail","6":"product_cat-abschleppballe","7":"product_cat-kupplungen-zubehor","10":"first","11":"instock","12":"taxable","13":"shipping-taxable","14":"purchasable","15":"product-type-simple"},"_links":{"self":[{"href":"https:\/\/trailerpartsplaza.com\/de\/wp-json\/wp\/v2\/product\/61566"}],"collection":[{"href":"https:\/\/trailerpartsplaza.com\/de\/wp-json\/wp\/v2\/product"}],"about":[{"href":"https:\/\/trailerpartsplaza.com\/de\/wp-json\/wp\/v2\/types\/product"}],"replies":[{"embeddable":true,"href":"https:\/\/trailerpartsplaza.com\/de\/wp-json\/wp\/v2\/comments?post=61566"}],"wp:featuredmedia":[{"embeddable":true,"href":"https:\/\/trailerpartsplaza.com\/de\/wp-json\/wp\/v2\/media\/56991"}],"wp:attachment":[{"href":"https:\/\/trailerpartsplaza.com\/de\/wp-json\/wp\/v2\/media?parent=61566"}],"wp:term":[{"taxonomy":"product_brand","embeddable":true,"href":"https:\/\/trailerpartsplaza.com\/de\/wp-json\/wp\/v2\/product_brand?post=61566"},{"taxonomy":"product_cat","embeddable":true,"href":"https:\/\/trailerpartsplaza.com\/de\/wp-json\/wp\/v2\/product_cat?post=61566"},{"taxonomy":"product_tag","embeddable":true,"href":"https:\/\/trailerpartsplaza.com\/de\/wp-json\/wp\/v2\/product_tag?post=61566"}],"curies":[{"name":"wp","href":"https:\/\/api.w.org\/{rel}","templated":true}]}}