{"id":61570,"date":"2025-04-01T13:14:30","date_gmt":"2025-04-01T13:14:30","guid":{"rendered":"https:\/\/trailerpartsplaza.com\/product\/anhaengerkupplung-gerade-50mm-m22x55mm-15t-nicht-fuer-oeffentliche-strassen\/"},"modified":"2025-04-01T13:14:30","modified_gmt":"2025-04-01T13:14:30","slug":"anhaengerkupplung-gerade-50mm-m22x55mm-15t-nicht-fuer-oeffentliche-strassen","status":"publish","type":"product","link":"https:\/\/trailerpartsplaza.com\/de\/produkt\/anhaengerkupplung-gerade-50mm-m22x55mm-15t-nicht-fuer-oeffentliche-strassen\/","title":{"rendered":"Anh\u00e4ngerkupplung gerade 50mm.M22x55mm.1,5t (nicht f\u00fcr \u00f6ffentliche Stra\u00dfen)"},"content":{"rendered":"","protected":false},"excerpt":{"rendered":"<p>Mit der Anh\u00e4ngerkupplung gerade 50mm.m22x55mm.1.5tonne (nicht f\u00fcr den \u00f6ffentlichen Stra\u00dfenverkehr) k\u00f6nnen Sie Ihren Anh\u00e4nger oder Trailer einfach aufr\u00fcsten. Perfekt auf die g\u00e4ngigen Fahrzeugspezifikationen abgestimmt. Bitte kontaktieren Sie uns f\u00fcr weitere Informationen zu diesem Produkt. M\u00f6chten Sie weitere Informationen zu diesem Produkt? Dann nehmen Sie Kontakt mit uns auf!    <\/p>\n","protected":false},"featured_media":54456,"comment_status":"open","ping_status":"closed","template":"","meta":{"_joinchat":[]},"product_brand":[],"product_cat":[1171,920],"product_tag":[],"class_list":{"0":"post-61570","1":"product","2":"type-product","3":"status-publish","4":"has-post-thumbnail","6":"product_cat-abschleppballe","7":"product_cat-kupplungen-zubehor","10":"first","11":"instock","12":"taxable","13":"shipping-taxable","14":"purchasable","15":"product-type-simple"},"_links":{"self":[{"href":"https:\/\/trailerpartsplaza.com\/de\/wp-json\/wp\/v2\/product\/61570"}],"collection":[{"href":"https:\/\/trailerpartsplaza.com\/de\/wp-json\/wp\/v2\/product"}],"about":[{"href":"https:\/\/trailerpartsplaza.com\/de\/wp-json\/wp\/v2\/types\/product"}],"replies":[{"embeddable":true,"href":"https:\/\/trailerpartsplaza.com\/de\/wp-json\/wp\/v2\/comments?post=61570"}],"wp:featuredmedia":[{"embeddable":true,"href":"https:\/\/trailerpartsplaza.com\/de\/wp-json\/wp\/v2\/media\/54456"}],"wp:attachment":[{"href":"https:\/\/trailerpartsplaza.com\/de\/wp-json\/wp\/v2\/media?parent=61570"}],"wp:term":[{"taxonomy":"product_brand","embeddable":true,"href":"https:\/\/trailerpartsplaza.com\/de\/wp-json\/wp\/v2\/product_brand?post=61570"},{"taxonomy":"product_cat","embeddable":true,"href":"https:\/\/trailerpartsplaza.com\/de\/wp-json\/wp\/v2\/product_cat?post=61570"},{"taxonomy":"product_tag","embeddable":true,"href":"https:\/\/trailerpartsplaza.com\/de\/wp-json\/wp\/v2\/product_tag?post=61570"}],"curies":[{"name":"wp","href":"https:\/\/api.w.org\/{rel}","templated":true}]}}