{"id":61596,"date":"2025-04-01T13:11:48","date_gmt":"2025-04-01T13:11:48","guid":{"rendered":"https:\/\/trailerpartsplaza.com\/product\/achse-750kg-1250x1680mm\/"},"modified":"2025-04-01T13:11:48","modified_gmt":"2025-04-01T13:11:48","slug":"achse-750kg-1250x1680mm","status":"publish","type":"product","link":"https:\/\/trailerpartsplaza.com\/de\/produkt\/achse-750kg-1250x1680mm\/","title":{"rendered":"Achse 750kg 1250x1680mm"},"content":{"rendered":"","protected":false},"excerpt":{"rendered":"<p>R\u00fcsten Sie Ihr Fahrzeug mit der Achse 750kg 1250x1680mm f\u00fcr eine solide und stabile Basis auf. Sowohl f\u00fcr leichte als auch f\u00fcr schwerere Anwendungen geeignet. Eine h\u00e4ufig gew\u00e4hlte Komponente unter Profis. M\u00f6chten Sie weitere Informationen zu diesem Produkt? Dann nehmen Sie Kontakt mit uns auf!    <\/p>\n","protected":false},"featured_media":54252,"comment_status":"open","ping_status":"closed","template":"","meta":{"_joinchat":[]},"product_brand":[],"product_cat":[902,900],"product_tag":[],"class_list":{"0":"post-61596","1":"product","2":"type-product","3":"status-publish","4":"has-post-thumbnail","6":"product_cat-assen","7":"product_cat-teile-fur-achsen-rader-und-bremsen","10":"first","11":"instock","12":"taxable","13":"shipping-taxable","14":"purchasable","15":"product-type-simple"},"_links":{"self":[{"href":"https:\/\/trailerpartsplaza.com\/de\/wp-json\/wp\/v2\/product\/61596"}],"collection":[{"href":"https:\/\/trailerpartsplaza.com\/de\/wp-json\/wp\/v2\/product"}],"about":[{"href":"https:\/\/trailerpartsplaza.com\/de\/wp-json\/wp\/v2\/types\/product"}],"replies":[{"embeddable":true,"href":"https:\/\/trailerpartsplaza.com\/de\/wp-json\/wp\/v2\/comments?post=61596"}],"wp:featuredmedia":[{"embeddable":true,"href":"https:\/\/trailerpartsplaza.com\/de\/wp-json\/wp\/v2\/media\/54252"}],"wp:attachment":[{"href":"https:\/\/trailerpartsplaza.com\/de\/wp-json\/wp\/v2\/media?parent=61596"}],"wp:term":[{"taxonomy":"product_brand","embeddable":true,"href":"https:\/\/trailerpartsplaza.com\/de\/wp-json\/wp\/v2\/product_brand?post=61596"},{"taxonomy":"product_cat","embeddable":true,"href":"https:\/\/trailerpartsplaza.com\/de\/wp-json\/wp\/v2\/product_cat?post=61596"},{"taxonomy":"product_tag","embeddable":true,"href":"https:\/\/trailerpartsplaza.com\/de\/wp-json\/wp\/v2\/product_tag?post=61596"}],"curies":[{"name":"wp","href":"https:\/\/api.w.org\/{rel}","templated":true}]}}