{"id":61681,"date":"2025-04-01T13:12:32","date_gmt":"2025-04-01T13:12:32","guid":{"rendered":"https:\/\/trailerpartsplaza.com\/product\/kotfluegel-hmhr-2280\/"},"modified":"2025-04-01T13:12:32","modified_gmt":"2025-04-01T13:12:32","slug":"kotfluegel-hmhr-2280","status":"publish","type":"product","link":"https:\/\/trailerpartsplaza.com\/de\/produkt\/kotfluegel-hmhr-2280\/","title":{"rendered":"Kotfl\u00fcgel HMHR 2280"},"content":{"rendered":"","protected":false},"excerpt":{"rendered":"<p>R\u00fcsten Sie Ihr Fahrzeug mit dem Spritzschutz hmhr 2280 f\u00fcr eine solide und stabile Basis auf. Sowohl f\u00fcr leichte als auch f\u00fcr schwerere Anwendungen geeignet. Ein beliebtes Bauteil bei Profis. M\u00f6chten Sie weitere Informationen zu diesem Produkt? Dann nehmen Sie Kontakt mit uns auf!    <\/p>\n","protected":false},"featured_media":57335,"comment_status":"open","ping_status":"closed","template":"","meta":{"_joinchat":[]},"product_brand":[],"product_cat":[1138,1175,1181],"product_tag":[],"class_list":{"0":"post-61681","1":"product","2":"type-product","3":"status-publish","4":"has-post-thumbnail","6":"product_cat-schutzbleche","7":"product_cat-stahl-kotflugel","8":"product_cat-stahlkotflugel-einachsig-eckig","11":"first","12":"instock","13":"taxable","14":"shipping-taxable","15":"purchasable","16":"product-type-simple"},"_links":{"self":[{"href":"https:\/\/trailerpartsplaza.com\/de\/wp-json\/wp\/v2\/product\/61681"}],"collection":[{"href":"https:\/\/trailerpartsplaza.com\/de\/wp-json\/wp\/v2\/product"}],"about":[{"href":"https:\/\/trailerpartsplaza.com\/de\/wp-json\/wp\/v2\/types\/product"}],"replies":[{"embeddable":true,"href":"https:\/\/trailerpartsplaza.com\/de\/wp-json\/wp\/v2\/comments?post=61681"}],"wp:featuredmedia":[{"embeddable":true,"href":"https:\/\/trailerpartsplaza.com\/de\/wp-json\/wp\/v2\/media\/57335"}],"wp:attachment":[{"href":"https:\/\/trailerpartsplaza.com\/de\/wp-json\/wp\/v2\/media?parent=61681"}],"wp:term":[{"taxonomy":"product_brand","embeddable":true,"href":"https:\/\/trailerpartsplaza.com\/de\/wp-json\/wp\/v2\/product_brand?post=61681"},{"taxonomy":"product_cat","embeddable":true,"href":"https:\/\/trailerpartsplaza.com\/de\/wp-json\/wp\/v2\/product_cat?post=61681"},{"taxonomy":"product_tag","embeddable":true,"href":"https:\/\/trailerpartsplaza.com\/de\/wp-json\/wp\/v2\/product_tag?post=61681"}],"curies":[{"name":"wp","href":"https:\/\/api.w.org\/{rel}","templated":true}]}}